

{"id":5584,"date":"2020-04-03T10:34:26","date_gmt":"2020-04-03T10:34:26","guid":{"rendered":"https:\/\/srauta.lt\/kontaktai\/"},"modified":"2021-01-13T11:40:04","modified_gmt":"2021-01-13T13:40:04","slug":"kontaktai","status":"publish","type":"page","link":"https:\/\/srauta.lt\/en\/kontaktai\/","title":{"rendered":"Contacts"},"content":{"rendered":"<div class=\"bt_bb_wrapper\"><section id=\"bt_bb_section6a05a8e013e02\" data-parallax=\"0.6\" data-parallax-offset=\"-120\" class=\"bt_bb_section bt_bb_top_spacing_large bt_bb_bottom_spacing_extra_large bt_bb_color_scheme_10 bt_bb_layout_boxed_1200 bt_bb_vertical_align_top bt_bb_parallax bt_bb_background_image bt_bb_section_with_bottom_coverage_image\" style=\"background-image:url(&#039;https:\/\/srauta.lt\/wp-content\/uploads\/2020\/09\/NWA-Restore-It-sandblasting.jpg&#039;);\"><div class=\"bt_bb_port\"><div class=\"bt_bb_cell\"><div class=\"bt_bb_cell_inner\"><div class=\"bt_bb_row_wrapper\"><div  class=\"bt_bb_row\" ><div  class=\"bt_bb_column col-md-8 col-ms-12 bt_bb_align_left bt_bb_vertical_align_middle bt_bb_animation_fade_in animate bt_bb_padding_normal\"  data-width=\"8\"><div class=\"bt_bb_column_content\"><div class=\"bt_bb_column_content_inner\"><header class=\"bt_bb_headline bt_bb_font_weight_medium bt_bb_dash_top bt_bb_size_large bt_bb_superheadline bt_bb_subheadline bt_bb_align_inherit\" style=\"text-shadow: 2px -2px 2px #f0f7fd;;color:#2b2a29;border-color:#2b2a29;\"><h1><span class=\"bt_bb_headline_superheadline\">UAB &quot;Srauta&quot;<\/span><span class=\"bt_bb_headline_content\"><span>Contacts<\/span><\/span><\/h1><div class=\"bt_bb_headline_subheadline\">Contact us and we will make you an individual offer<\/div><\/header><\/div><\/div><\/div><div  class=\"bt_bb_column col-md-4 col-ms-12 bt_bb_align_left bt_bb_vertical_align_top bt_bb_padding_normal\"  data-width=\"4\"><div class=\"bt_bb_column_content\"><div class=\"bt_bb_column_content_inner\"><\/div><\/div><\/div><\/div><\/div><\/div><\/div><\/div><div class=\"bt_bb_section_bottom_section_coverage_image\"><img src=\"https:\/\/srauta.lt\/wp-content\/uploads\/2020\/04\/bottom_cover_3.png\" alt=\"bt_bb_section_bottom_section_coverage_image\" \/><\/div><\/section><section id=\"bt_bb_section6a05a8e01429d\"  class=\"bt_bb_section bt_bb_top_spacing_medium bt_bb_bottom_spacing_large bt_bb_color_scheme_8 bt_bb_layout_boxed_1200 bt_bb_vertical_align_top\" ><div class=\"bt_bb_port\"><div class=\"bt_bb_cell\"><div class=\"bt_bb_cell_inner\"><div class=\"bt_bb_row_wrapper\"><div  class=\"bt_bb_row bt_bb_hidden_xs bt_bb_hidden_ms bt_bb_hidden_sm bt_bb_animation_no_animation animate\" ><div  class=\"bt_bb_column col-md-6 col-sm-12 bt_bb_align_left bt_bb_vertical_align_top bt_bb_animation_fade_in animate bt_bb_padding_normal\"  data-width=\"6\"><div class=\"bt_bb_column_content\"><div class=\"bt_bb_column_content_inner\"><header class=\"bt_bb_headline bt_bb_dash_none bt_bb_size_normal bt_bb_align_inherit\"><h4><span class=\"bt_bb_headline_content\"><span>Write us<\/span><\/span><\/h4><\/header><div class=\"bt_bb_separator bt_bb_top_spacing_small bt_bb_bottom_spacing_normal bt_bb_border_style_none\"><\/div><div class=\"bt_bb_contact_form_7\"><div role=\"form\" class=\"wpcf7\" id=\"wpcf7-f5808-o1\" lang=\"en-US\" dir=\"ltr\">\n<div class=\"screen-reader-response\" role=\"alert\" aria-live=\"polite\"><\/div>\n<form action=\"\/en\/wp-json\/wp\/v2\/pages\/5584#wpcf7-f5808-o1\" method=\"post\" class=\"wpcf7-form init\" novalidate=\"novalidate\">\n<div style=\"display: none;\">\n<input type=\"hidden\" name=\"_wpcf7\" value=\"5808\" \/>\n<input type=\"hidden\" name=\"_wpcf7_version\" value=\"5.2.2\" \/>\n<input type=\"hidden\" name=\"_wpcf7_locale\" value=\"en_US\" \/>\n<input type=\"hidden\" name=\"_wpcf7_unit_tag\" value=\"wpcf7-f5808-o1\" \/>\n<input type=\"hidden\" name=\"_wpcf7_container_post\" value=\"0\" \/>\n<input type=\"hidden\" name=\"_wpcf7_posted_data_hash\" value=\"\" \/>\n<input type=\"hidden\" name=\"_wpcf7_recaptcha_response\" value=\"\" \/>\n<\/div>\n<p><span class=\"wpcf7-form-control-wrap your-name\"><input type=\"text\" name=\"your-name\" value=\"\" size=\"40\" class=\"wpcf7-form-control wpcf7-text wpcf7-validates-as-required\" aria-required=\"true\" aria-invalid=\"false\" placeholder=\"Name*\" \/><\/span><\/p>\n<p><span class=\"wpcf7-form-control-wrap your-email\"><input type=\"email\" name=\"your-email\" value=\"\" size=\"40\" class=\"wpcf7-form-control wpcf7-text wpcf7-email wpcf7-validates-as-required wpcf7-validates-as-email\" aria-required=\"true\" aria-invalid=\"false\" placeholder=\"Email*\" \/><\/span><\/p>\n<p><span class=\"wpcf7-form-control-wrap tel-532\"><input type=\"tel\" name=\"tel-532\" value=\"\" size=\"40\" class=\"wpcf7-form-control wpcf7-text wpcf7-tel wpcf7-validates-as-tel\" aria-invalid=\"false\" placeholder=\"Phone number\" \/><\/span><\/p>\n<p><span class=\"wpcf7-form-control-wrap your-message\"><textarea name=\"your-message\" cols=\"40\" rows=\"10\" class=\"wpcf7-form-control wpcf7-textarea\" aria-invalid=\"false\" placeholder=\"Message\"><\/textarea><\/span><\/p>\n<p><input type=\"submit\" value=\"Send\" class=\"wpcf7-form-control wpcf7-submit\" \/><\/p>\n<div class=\"wpcf7-response-output\" role=\"alert\" aria-hidden=\"true\"><\/div><\/form><\/div><\/div><div class=\"bt_bb_separator bt_bb_bottom_spacing_medium bt_bb_border_style_none bt_bb_border_color_none bt_bb_hidden_md bt_bb_hidden_lg\"><\/div><\/div><\/div><\/div><div  class=\"bt_bb_column col-md-6 col-sm-12 bt_bb_align_left bt_bb_vertical_align_top bt_bb_animation_fade_in animate bt_bb_padding_double\"  data-width=\"6\"><div class=\"bt_bb_column_content\"><div class=\"bt_bb_column_content_inner\"><header class=\"bt_bb_headline bt_bb_dash_none bt_bb_size_normal bt_bb_align_inherit\"><h4><span class=\"bt_bb_headline_content\"><span>Details<\/span><\/span><\/h4><\/header><div class=\"bt_bb_separator bt_bb_top_spacing_small bt_bb_bottom_spacing_normal bt_bb_border_style_none\"><\/div><div  class=\"bt_bb_row_inner\" ><div  class=\"bt_bb_column_inner col-md-6 col-sm-12 bt_bb_align_left bt_bb_vertical_align_top\"  data-width=\"6\"><div class=\"bt_bb_column_inner_content\"><div class=\"bt_bb_icon bt_bb_color_scheme_3 bt_bb_style_borderless bt_bb_size_large bt_bb_shape_circle bt_bb_align_inherit\"><span  data-ico-essential=\"&#xe921;\" class=\"bt_bb_icon_holder\"><\/span><\/div><div class=\"bt_bb_separator bt_bb_bottom_spacing_small bt_bb_border_style_none\"><\/div><header class=\"bt_bb_headline bt_bb_dash_none bt_bb_size_small bt_bb_subheadline bt_bb_align_inherit\"><h5><span class=\"bt_bb_headline_content\"><span>UAB &quot;Srauta&quot;<\/span><\/span><\/h5><div class=\"bt_bb_headline_subheadline\">Company code: 302674851<br \/>\r\nVAT number: LT100006442612<br \/>\r\n<\/div><\/header><div class=\"bt_bb_separator bt_bb_top_spacing_small bt_bb_bottom_spacing_normal bt_bb_border_style_none\"><\/div><div class=\"bt_bb_icon bt_bb_color_scheme_3 bt_bb_style_borderless bt_bb_size_large bt_bb_shape_circle bt_bb_align_inherit\"><span  data-ico-fontawesome=\"&#xf0d6;\" class=\"bt_bb_icon_holder\"><\/span><\/div><div class=\"bt_bb_separator bt_bb_bottom_spacing_small bt_bb_border_style_none\"><\/div><header class=\"bt_bb_headline bt_bb_dash_none bt_bb_size_small bt_bb_subheadline bt_bb_align_inherit\"><h5><span class=\"bt_bb_headline_content\"><span>Banks<\/span><\/span><\/h5><div class=\"bt_bb_headline_subheadline\">AB Citadel\u0117 bank 72900<br \/>\r\nC\/A: LT69 7290 0990 1256 6324<br \/>\r\nAB SEB bank 70440<br \/>\r\nC\/A: LT52 7044 0600 0774 4418<br \/>\r\n<br \/>\r\n<\/div><\/header><div class=\"bt_bb_separator bt_bb_bottom_spacing_normal bt_bb_border_style_none bt_bb_border_color_none bt_bb_hidden_md bt_bb_hidden_lg\"><\/div><\/div><\/div><div  class=\"bt_bb_column_inner col-md-6 col-sm-12 bt_bb_align_left bt_bb_vertical_align_top\"  data-width=\"6\"><div class=\"bt_bb_column_inner_content\"><div class=\"bt_bb_icon bt_bb_color_scheme_3 bt_bb_style_borderless bt_bb_size_large bt_bb_shape_circle bt_bb_align_inherit\"><span  data-ico-essential=\"&#xe9f0;\" class=\"bt_bb_icon_holder\"><\/span><\/div><div class=\"bt_bb_separator bt_bb_bottom_spacing_small bt_bb_border_style_none\"><\/div><header class=\"bt_bb_headline bt_bb_dash_none bt_bb_size_small bt_bb_subheadline bt_bb_align_inherit\"><h5><span class=\"bt_bb_headline_content\"><span>Address<\/span><\/span><\/h5><div class=\"bt_bb_headline_subheadline\">Technikos str. 18J LT-51211,<br \/>\r\nKaunas, Lithuania<br \/>\r\n<\/div><\/header><div class=\"bt_bb_separator bt_bb_top_spacing_small bt_bb_bottom_spacing_normal bt_bb_border_style_none bt_bb_border_color_none\"><\/div><div class=\"bt_bb_icon bt_bb_color_scheme_3 bt_bb_style_borderless bt_bb_size_large bt_bb_shape_circle bt_bb_align_inherit\"><span  data-ico-icon7stroke=\"&#xe639;\" class=\"bt_bb_icon_holder\"><\/span><\/div><div class=\"bt_bb_separator bt_bb_bottom_spacing_small bt_bb_border_style_none\"><\/div><header class=\"bt_bb_headline bt_bb_dash_none bt_bb_size_small bt_bb_subheadline bt_bb_align_inherit\"><h5><span class=\"bt_bb_headline_content\"><span>Write us<\/span><\/span><\/h5><div class=\"bt_bb_headline_subheadline\">E-mail: info@srauta.lt<\/div><\/header><div class=\"bt_bb_separator bt_bb_bottom_spacing_normal bt_bb_border_style_none bt_bb_border_color_none bt_bb_hidden_md bt_bb_hidden_lg\"><\/div><\/div><\/div><\/div><\/div><\/div><\/div><\/div><\/div><div class=\"bt_bb_row_wrapper\"><div  class=\"bt_bb_row bt_bb_hidden_md bt_bb_hidden_lg bt_bb_animation_no_animation animate\" ><div  class=\"bt_bb_column col-md-6 col-sm-12 bt_bb_align_left bt_bb_vertical_align_top bt_bb_animation_fade_in animate bt_bb_padding_double\"  data-width=\"6\"><div class=\"bt_bb_column_content\"><div class=\"bt_bb_column_content_inner\"><header class=\"bt_bb_headline bt_bb_dash_none bt_bb_size_normal bt_bb_align_inherit\"><h4><span class=\"bt_bb_headline_content\"><span>Details<\/span><\/span><\/h4><\/header><div class=\"bt_bb_separator bt_bb_top_spacing_small bt_bb_bottom_spacing_normal bt_bb_border_style_none\"><\/div><div  class=\"bt_bb_row_inner\" ><div  class=\"bt_bb_column_inner col-md-6 col-sm-12 bt_bb_align_left bt_bb_vertical_align_top\"  data-width=\"6\"><div class=\"bt_bb_column_inner_content\"><div class=\"bt_bb_icon bt_bb_color_scheme_3 bt_bb_style_borderless bt_bb_size_large bt_bb_shape_circle bt_bb_align_inherit\"><span  data-ico-essential=\"&#xe921;\" class=\"bt_bb_icon_holder\"><\/span><\/div><div class=\"bt_bb_separator bt_bb_bottom_spacing_small bt_bb_border_style_none\"><\/div><header class=\"bt_bb_headline bt_bb_dash_none bt_bb_size_small bt_bb_subheadline bt_bb_align_inherit\"><h5><span class=\"bt_bb_headline_content\"><span>UAB &quot;Srauta&quot;<\/span><\/span><\/h5><div class=\"bt_bb_headline_subheadline\">\u012emon\u0117s kodas: 302674851<br \/>\r\nPVM kodas: LT100006442612<\/div><\/header><div class=\"bt_bb_separator bt_bb_top_spacing_small bt_bb_bottom_spacing_normal bt_bb_border_style_none\"><\/div><div class=\"bt_bb_icon bt_bb_color_scheme_3 bt_bb_style_borderless bt_bb_size_large bt_bb_shape_circle bt_bb_align_inherit\"><span  data-ico-essential=\"&#xea28;\" class=\"bt_bb_icon_holder\"><\/span><\/div><div class=\"bt_bb_separator bt_bb_bottom_spacing_small bt_bb_border_style_none\"><\/div><header class=\"bt_bb_headline bt_bb_dash_none bt_bb_size_small bt_bb_subheadline bt_bb_align_inherit\"><h5><span class=\"bt_bb_headline_content\"><span>Banks<\/span><\/span><\/h5><div class=\"bt_bb_headline_subheadline\">AB Citadel\u0117 bank 72900<br \/>\r\nC\/A: LT69 7290 0990 1256 6324<br \/>\r\nAB SEB bank 70440<br \/>\r\nC\/A: LT52 7044 0600 0774 4418<br \/>\r\n<br \/>\r\n<\/div><\/header><div class=\"bt_bb_separator bt_bb_bottom_spacing_normal bt_bb_border_style_none bt_bb_border_color_none bt_bb_hidden_md bt_bb_hidden_lg\"><\/div><\/div><\/div><div  class=\"bt_bb_column_inner col-md-6 col-sm-12 bt_bb_align_left bt_bb_vertical_align_top\"  data-width=\"6\"><div class=\"bt_bb_column_inner_content\"><div class=\"bt_bb_icon bt_bb_color_scheme_3 bt_bb_style_borderless bt_bb_size_large bt_bb_shape_circle bt_bb_align_inherit\"><span  data-ico-essential=\"&#xe9f0;\" class=\"bt_bb_icon_holder\"><\/span><\/div><div class=\"bt_bb_separator bt_bb_bottom_spacing_small bt_bb_border_style_none\"><\/div><header class=\"bt_bb_headline bt_bb_dash_none bt_bb_size_small bt_bb_subheadline bt_bb_align_inherit\"><h5><span class=\"bt_bb_headline_content\"><span>Address<\/span><\/span><\/h5><div class=\"bt_bb_headline_subheadline\">Technikos str. 18J LT-51211,<br \/>\r\nKaunas, Lithuania<br \/>\r\n<\/div><\/header><div class=\"bt_bb_separator bt_bb_top_spacing_small bt_bb_bottom_spacing_normal bt_bb_border_style_none bt_bb_border_color_none\"><\/div><div class=\"bt_bb_icon bt_bb_color_scheme_3 bt_bb_style_borderless bt_bb_size_large bt_bb_shape_circle bt_bb_align_inherit\"><span  data-ico-icon7stroke=\"&#xe639;\" class=\"bt_bb_icon_holder\"><\/span><\/div><div class=\"bt_bb_separator bt_bb_top_spacing_extra_small bt_bb_bottom_spacing_normal bt_bb_border_style_none bt_bb_border_color_none\"><\/div><header class=\"bt_bb_headline bt_bb_dash_none bt_bb_size_small bt_bb_subheadline bt_bb_align_inherit\"><h5><span class=\"bt_bb_headline_content\"><span>Write us<\/span><\/span><\/h5><div class=\"bt_bb_headline_subheadline\">E-mail: info@srauta.lt<\/div><\/header><div class=\"bt_bb_separator bt_bb_bottom_spacing_normal bt_bb_border_style_none bt_bb_border_color_none bt_bb_hidden_md bt_bb_hidden_lg\"><\/div><\/div><\/div><\/div><\/div><\/div><\/div><div  class=\"bt_bb_column col-md-6 col-sm-12 bt_bb_align_left bt_bb_vertical_align_top bt_bb_animation_fade_in animate bt_bb_padding_normal\"  data-width=\"6\"><div class=\"bt_bb_column_content\"><div class=\"bt_bb_column_content_inner\"><header class=\"bt_bb_headline bt_bb_dash_none bt_bb_size_normal bt_bb_align_inherit\"><h4><span class=\"bt_bb_headline_content\"><span>Contact us<\/span><\/span><\/h4><\/header><div class=\"bt_bb_separator bt_bb_top_spacing_small bt_bb_bottom_spacing_normal bt_bb_border_style_none\"><\/div><div class=\"bt_bb_contact_form_7\"><div role=\"form\" class=\"wpcf7\" id=\"wpcf7-f5808-o2\" lang=\"en-US\" dir=\"ltr\">\n<div class=\"screen-reader-response\" role=\"alert\" aria-live=\"polite\"><\/div>\n<form action=\"\/en\/wp-json\/wp\/v2\/pages\/5584#wpcf7-f5808-o2\" method=\"post\" class=\"wpcf7-form init\" novalidate=\"novalidate\">\n<div style=\"display: none;\">\n<input type=\"hidden\" name=\"_wpcf7\" value=\"5808\" \/>\n<input type=\"hidden\" name=\"_wpcf7_version\" value=\"5.2.2\" \/>\n<input type=\"hidden\" name=\"_wpcf7_locale\" value=\"en_US\" \/>\n<input type=\"hidden\" name=\"_wpcf7_unit_tag\" value=\"wpcf7-f5808-o2\" \/>\n<input type=\"hidden\" name=\"_wpcf7_container_post\" value=\"0\" \/>\n<input type=\"hidden\" name=\"_wpcf7_posted_data_hash\" value=\"\" \/>\n<input type=\"hidden\" name=\"_wpcf7_recaptcha_response\" value=\"\" \/>\n<\/div>\n<p><span class=\"wpcf7-form-control-wrap your-name\"><input type=\"text\" name=\"your-name\" value=\"\" size=\"40\" class=\"wpcf7-form-control wpcf7-text wpcf7-validates-as-required\" aria-required=\"true\" aria-invalid=\"false\" placeholder=\"Name*\" \/><\/span><\/p>\n<p><span class=\"wpcf7-form-control-wrap your-email\"><input type=\"email\" name=\"your-email\" value=\"\" size=\"40\" class=\"wpcf7-form-control wpcf7-text wpcf7-email wpcf7-validates-as-required wpcf7-validates-as-email\" aria-required=\"true\" aria-invalid=\"false\" placeholder=\"Email*\" \/><\/span><\/p>\n<p><span class=\"wpcf7-form-control-wrap tel-532\"><input type=\"tel\" name=\"tel-532\" value=\"\" size=\"40\" class=\"wpcf7-form-control wpcf7-text wpcf7-tel wpcf7-validates-as-tel\" aria-invalid=\"false\" placeholder=\"Phone number\" \/><\/span><\/p>\n<p><span class=\"wpcf7-form-control-wrap your-message\"><textarea name=\"your-message\" cols=\"40\" rows=\"10\" class=\"wpcf7-form-control wpcf7-textarea\" aria-invalid=\"false\" placeholder=\"Message\"><\/textarea><\/span><\/p>\n<p><input type=\"submit\" value=\"Send\" class=\"wpcf7-form-control wpcf7-submit\" \/><\/p>\n<div class=\"wpcf7-response-output\" role=\"alert\" aria-hidden=\"true\"><\/div><\/form><\/div><\/div><div class=\"bt_bb_separator bt_bb_bottom_spacing_medium bt_bb_border_style_none bt_bb_border_color_none bt_bb_hidden_md bt_bb_hidden_lg\"><\/div><\/div><\/div><\/div><\/div><\/div><\/div><\/div><\/div><\/section><section id=\"bt_bb_section6a05a8e0160f6\"  class=\"bt_bb_section bt_bb_top_spacing_small bt_bb_bottom_spacing_medium bt_bb_color_scheme_8 bt_bb_layout_boxed_1200 bt_bb_vertical_align_top\" ><div class=\"bt_bb_port\"><div class=\"bt_bb_cell\"><div class=\"bt_bb_cell_inner\"><div class=\"bt_bb_row_wrapper\"><div  class=\"bt_bb_row bt_bb_animation_no_animation animate\" ><div  class=\"bt_bb_column col-md-12 col-ms-12 bt_bb_align_left bt_bb_vertical_align_top bt_bb_animation_fade_in animate bt_bb_padding_double\"  data-width=\"12\"><div class=\"bt_bb_column_content\"><div class=\"bt_bb_column_content_inner\"><div  class=\"bt_bb_row_inner\" ><div  class=\"bt_bb_column_inner col-md-4 col-ms-12 bt_bb_align_left bt_bb_vertical_align_top\"  data-width=\"4\"><div class=\"bt_bb_column_inner_content\"><div class=\"bt_bb_separator bt_bb_bottom_spacing_small bt_bb_border_style_none\"><\/div><header class=\"bt_bb_headline bt_bb_dash_none bt_bb_size_small bt_bb_subheadline bt_bb_align_inherit\"><h5><span class=\"bt_bb_headline_content\"><span>Shot blasting, sandblasting equipment<\/span><\/span><\/h5><div class=\"bt_bb_headline_subheadline\">\u017dilvinas Dambrauskas<br \/>\r\n+370 655 94114<br \/>\r\nzilvinas@srauta.lt<br \/>\r\n<\/div><\/header><div class=\"bt_bb_separator bt_bb_bottom_spacing_normal bt_bb_border_style_none bt_bb_border_color_none bt_bb_hidden_md bt_bb_hidden_lg\"><\/div><div class=\"bt_bb_separator bt_bb_bottom_spacing_small bt_bb_border_style_none\"><\/div><div class=\"bt_bb_separator bt_bb_bottom_spacing_small bt_bb_border_style_none\"><\/div><header class=\"bt_bb_headline bt_bb_dash_none bt_bb_size_small bt_bb_subheadline bt_bb_align_inherit\"><h5><span class=\"bt_bb_headline_content\"><span>Head<\/span><\/span><\/h5><div class=\"bt_bb_headline_subheadline\">Audris Vaivilavi\u010dius<br \/>\r\n+370 609 90698<br \/>\r\naudris@srauta.lt<br \/>\r\n<\/div><\/header><div class=\"bt_bb_separator bt_bb_top_spacing_small bt_bb_bottom_spacing_normal bt_bb_border_style_none\"><\/div><\/div><\/div><div  class=\"bt_bb_column_inner col-md-4 col-ms-12 bt_bb_align_left bt_bb_vertical_align_top\"  data-width=\"4\"><div class=\"bt_bb_column_inner_content\"><div class=\"bt_bb_separator bt_bb_bottom_spacing_small bt_bb_border_style_none\"><\/div><header class=\"bt_bb_headline bt_bb_dash_none bt_bb_size_small bt_bb_subheadline bt_bb_align_inherit\"><h5><span class=\"bt_bb_headline_content\"><span>Project Manager, dry ice<\/span><\/span><\/h5><div class=\"bt_bb_headline_subheadline\">Ram\u016bnas \u0160lia\u017eas<br \/>\r\n+370 609 90697<br \/>\r\nramunas@srauta.lt<br \/>\r\n<\/div><\/header><div class=\"bt_bb_separator bt_bb_bottom_spacing_normal bt_bb_border_style_none bt_bb_border_color_none bt_bb_hidden_md bt_bb_hidden_lg\"><\/div><div class=\"bt_bb_separator bt_bb_bottom_spacing_small bt_bb_border_style_none\"><\/div><div class=\"bt_bb_separator bt_bb_bottom_spacing_small bt_bb_border_style_none\"><\/div><header class=\"bt_bb_headline bt_bb_dash_none bt_bb_size_small bt_bb_subheadline bt_bb_align_inherit\"><h5><span class=\"bt_bb_headline_content\"><span>Accounting<\/span><\/span><\/h5><div class=\"bt_bb_headline_subheadline\">Laimut\u0117 Virbalien\u0117<br \/>\r\nbuhalterija@srauta.lt<br \/>\r\n<\/div><\/header><div class=\"bt_bb_separator bt_bb_top_spacing_small bt_bb_bottom_spacing_normal bt_bb_border_style_none bt_bb_border_color_none\"><\/div><\/div><\/div><div  class=\"bt_bb_column_inner col-md-4 col-ms-12 bt_bb_align_left bt_bb_vertical_align_top\"  data-width=\"4\"><div class=\"bt_bb_column_inner_content\"><div class=\"bt_bb_separator bt_bb_bottom_spacing_80 bt_bb_border_style_none bt_bb_border_color_none\"><\/div><header class=\"bt_bb_headline bt_bb_dash_none bt_bb_size_small bt_bb_subheadline bt_bb_align_inherit\"><h5><span class=\"bt_bb_headline_content\"><span>Marketing<\/span><\/span><\/h5><div class=\"bt_bb_headline_subheadline\">Viktorija Bevackua<br \/>\r\n+370 600 89007<br \/>\r\nmarketingas@srauta.lt<br \/>\r\n<\/div><\/header><div class=\"bt_bb_separator bt_bb_top_spacing_small bt_bb_bottom_spacing_normal bt_bb_border_style_none bt_bb_border_color_none\"><\/div><\/div><\/div><\/div><\/div><\/div><\/div><\/div><\/div><\/div><\/div><\/div><\/section><section id=\"bt_bb_section6a05a8e0169c4\"  class=\"bt_bb_section bt_bb_layout_wide bt_bb_vertical_align_top bt_bb_section_with_top_coverage_image\" ><div class=\"bt_bb_port\"><div class=\"bt_bb_cell\"><div class=\"bt_bb_cell_inner\"><div class=\"bt_bb_row_wrapper\"><div  class=\"bt_bb_row bt_bb_column_gap_0 bt_bb_animation_no_animation animate\" ><div  class=\"bt_bb_column col-md-12 col-ms-12 bt_bb_align_left bt_bb_vertical_align_top bt_bb_padding_normal\"  data-width=\"12\"><div class=\"bt_bb_column_content\"><div class=\"bt_bb_column_content_inner\"><div class=\"bt_bb_google_maps bt_bb_map bt_bb_google_maps_with_content bt_bb_map_with_content\" data-center=\"no\"><div class=\"bt_bb_google_maps_map bt_bb_map_map\" id=\"map_canvas6a05a8e016f3d\"><\/div><span class=\"bt_bb_google_maps_content_toggler bt_bb_map_content_toggler\"><\/span><div class=\"bt_bb_google_maps_content bt_bb_map_content\"><div class=\"bt_bb_google_maps_content_wrapper bt_bb_map_content_wrapper\"><div class=\"bt_bb_google_maps_location bt_bb_map_location\" data-lat=\"54.9103118\" data-lng=\"24.0029132\" data-icon=\"\"><div class=\"bt_bb_separator bt_bb_bottom_spacing_extra_small bt_bb_border_style_none bt_bb_border_color_none\"><\/div><div class=\"bt_bb_image bt_bb_shape_square bt_bb_align_inherit bt_bb_hover_style_simple bt_bb_content_display_always bt_bb_content_align_middle\" style=\"max-width: 150px;\"><span><img src = \"https:\/\/srauta.lt\/wp-content\/plugins\/bold-page-builder\/img\/blank.gif\" data-full_image_src=\"https:\/\/srauta.lt\/wp-content\/uploads\/2020\/09\/srauta-01-retina.png\" data-image_src=\"https:\/\/srauta.lt\/wp-content\/uploads\/2020\/09\/srauta-01-retina.png\" title=\"srauta-01-retina\" alt=\"https:\/\/srauta.lt\/wp-content\/uploads\/2020\/09\/srauta-01-retina.png\" class=\"btLazyLoadImage\"><\/span><\/div><div class=\"bt_bb_separator bt_bb_top_spacing_small bt_bb_bottom_spacing_small bt_bb_border_style_solid bt_bb_border_color_none\"><\/div><div class=\"bt_bb_icon bt_bb_color_scheme_11 bt_bb_style_borderless bt_bb_size_small bt_bb_shape_circle bt_bb_align_inherit btWithText\"><a href=\"tel:+37060990697\"  target=\"_self\"  title=\"+370 609 90697\"  data-ico-fontawesome=\"&#xf2a0;\" class=\"bt_bb_icon_holder\"><span>+370 609 90697<\/span><\/a><\/div><div class=\"bt_bb_separator bt_bb_bottom_spacing_small bt_bb_border_style_none bt_bb_border_color_none\"><\/div><div class=\"bt_bb_icon bt_bb_color_scheme_11 bt_bb_style_borderless bt_bb_size_small bt_bb_shape_circle bt_bb_align_inherit btWithText\"><a href=\"mailto:info@srauta.lt\"  target=\"_self\"  title=\"info@srauta.lt\"  data-ico-fontawesome=\"&#xf0e0;\" class=\"bt_bb_icon_holder\"><span>info@srauta.lt<\/span><\/a><\/div><div class=\"bt_bb_separator bt_bb_bottom_spacing_small bt_bb_border_style_none bt_bb_border_color_none\"><\/div><div class=\"bt_bb_icon bt_bb_color_scheme_11 bt_bb_style_borderless bt_bb_size_small bt_bb_shape_circle bt_bb_align_inherit btWithText\"><span  data-ico-fontawesome=\"&#xf041;\" class=\"bt_bb_icon_holder\"><span>Technikos str. 18J LT-51211, Kaunas<\/span><\/span><\/div><div class=\"bt_bb_separator bt_bb_bottom_spacing_small bt_bb_border_style_none bt_bb_border_color_none\"><\/div><\/div><\/div><\/div><\/div><\/div><\/div><\/div><\/div><\/div><\/div><\/div><\/div><div class=\"bt_bb_section_top_section_coverage_image\"><img src=\"https:\/\/srauta.lt\/wp-content\/uploads\/2020\/08\/top_cover_02-new-1.png\" alt=\"bt_bb_section_top_section_coverage_image\" \/><\/div><\/section><\/div>","protected":false},"excerpt":{"rendered":"","protected":false},"author":1,"featured_media":4792,"parent":0,"menu_order":0,"comment_status":"closed","ping_status":"closed","template":"","meta":[],"_links":{"self":[{"href":"https:\/\/srauta.lt\/en\/wp-json\/wp\/v2\/pages\/5584"}],"collection":[{"href":"https:\/\/srauta.lt\/en\/wp-json\/wp\/v2\/pages"}],"about":[{"href":"https:\/\/srauta.lt\/en\/wp-json\/wp\/v2\/types\/page"}],"author":[{"embeddable":true,"href":"https:\/\/srauta.lt\/en\/wp-json\/wp\/v2\/users\/1"}],"replies":[{"embeddable":true,"href":"https:\/\/srauta.lt\/en\/wp-json\/wp\/v2\/comments?post=5584"}],"version-history":[{"count":5,"href":"https:\/\/srauta.lt\/en\/wp-json\/wp\/v2\/pages\/5584\/revisions"}],"predecessor-version":[{"id":5925,"href":"https:\/\/srauta.lt\/en\/wp-json\/wp\/v2\/pages\/5584\/revisions\/5925"}],"wp:featuredmedia":[{"embeddable":true,"href":"https:\/\/srauta.lt\/en\/wp-json\/wp\/v2\/media\/4792"}],"wp:attachment":[{"href":"https:\/\/srauta.lt\/en\/wp-json\/wp\/v2\/media?parent=5584"}],"curies":[{"name":"wp","href":"https:\/\/api.w.org\/{rel}","templated":true}]}}